{"id":100,"date":"2022-03-30T14:53:37","date_gmt":"2022-03-30T14:53:37","guid":{"rendered":"https:\/\/villalalameda.com\/?page_id=100"},"modified":"2022-04-13T07:49:02","modified_gmt":"2022-04-13T07:49:02","slug":"politique-de-confidentialite","status":"publish","type":"page","link":"https:\/\/villalalameda.com\/en\/politique-de-confidentialite\/","title":{"rendered":"Privacy Policy"},"content":{"rendered":"<h2 class=\"has-text-align-center wp-block-heading\">PRIVACY POLICY<\/h2>\n\n\n\n<p><strong>villalalameda.com<\/strong><br>Gloria CORREA LONDONO and R\u00e9my FERRADOU<br><br>Type of site: e-commerce<\/p>\n\n\n\n<p><strong>The purpose of this privacy policy<\/strong><br><br>The purpose of this privacy policy is to inform users of our site about the personal data we will collect and the following information, if applicable:<\/p>\n\n\n\n<ol class=\"wp-block-list\"><li>The personal data we will collect<\/li><li>The use of the data collected<\/li><li>Who has access to the data collected<\/li><li>The rights of the users of the site<\/li><li>La politique de cookies du site<\/li><\/ol>\n\n\n\n<p>This privacy policy operates in conjunction with the terms and conditions of use of our site.<\/p>\n\n\n\n<p><strong>Applicable laws<\/strong><\/p>\n\n\n\n<p>In accordance with&nbsp;<em>the General Data Protection Regulation<\/em>&nbsp;(GRPD), this privacy policy complies with the following regulations.<br><br>Personal data must be :<\/p>\n\n\n\n<ol class=\"wp-block-list\"><li>processed lawfully, fairly and transparently in relation to the data subject (lawfulness, fairness, transparency);<\/li><li>collected for specified, explicit and legitimate purposes and not further processed in a way incompatible with those purposes; further processing for archival purposes in the public interest, for scientific or historical research purposes or for statistical purposes shall not be considered, in accordance with Article 89(1), as incompatible with the original purposes (purpose limitation) ;<\/li><li>adequate, relevant and limited to what is necessary for the purposes for which they are processed (data minimisation);<\/li><li>accurate and, where necessary, kept up to date; every reasonable step must be taken to ensure that personal data which are inaccurate, having regard to the purposes for which they are processed, are erased or rectified without delay (accuracy) ;<\/li><li>kept in a form which permits identification of data subjects for no longer than is necessary for the purposes for which they are processed; personal data may be kept for longer periods in so far as they are processed exclusively for archival purposes in the public interest, for scientific or historical research purposes or for statistical purposes in accordance with Article 89(1), provided that the appropriate technical and organisational measures required by the Regulation to safeguard the rights and freedoms of the data subject are implemented (limitation of storage);<\/li><li>processed in such a way as to ensure appropriate security of personal data, including protection against unauthorised or unlawful processing and against accidental loss, destruction or damage, by means of appropriate technical or organisational measures (integrity and confidentiality).<br><\/li><\/ol>\n\n\n\n<p>Processing is lawful only if, and to the extent that, at least one of the following conditions is met<\/p>\n\n\n\n<ol class=\"wp-block-list\"><li>the data subject has consented to the processing of his\/her personal data for one or more specific purposes;<\/li><li>the processing is necessary for the performance of a contract to which the data subject is party or for the performance of pre-contractual measures taken at the request of the data subject;<\/li><li>the processing is necessary for compliance with a legal obligation to which the controller is subject;<\/li><li>the processing is necessary to protect the vital interests of the data subject or of another natural person;<\/li><li>the processing is necessary for the performance of a task carried out in the public interest or in the exercise of official authority vested in the controller;<\/li><li>the processing is necessary for the purposes of the legitimate interests pursued by the controller or by a third party, unless the interests or fundamental rights and freedoms of the data subject which require the protection of personal data prevail, in particular where the data subject is a child.<\/li><\/ol>\n\n\n\n<p>For residents of the State of California, this privacy policy is intended to comply with&nbsp;<em>he California Consumer Privacy Act (CCPA)<\/em>. If there are any inconsistencies between this document and the CCPA&nbsp;<em>CCPA<\/em>, state law will apply. If we find any inconsistencies, we will modify our policy to comply with the relevant law.<\/p>\n\n\n\n<p><strong>Consent<\/strong><br><br>Users agree that by using our site, they consent to :<\/p>\n\n\n\n<ol class=\"wp-block-list\"><li>the conditions set out in this privacy policy and<\/li><li>the collection, use and retention of the data listed in this policy.<\/li><\/ol>\n\n\n\n<p><strong>Personal data we collect<\/strong><\/p>\n\n\n\n<p><strong>Data collected automatically<\/strong><\/p>\n\n\n\n<p>When you visit and use our site, we may automatically collect and store the following information:<\/p>\n\n\n\n<ol class=\"wp-block-list\"><li>IP address<\/li><li>Location<\/li><li>Links a user clicks while using the site<\/li><li>Content that the user views on your site<\/li><\/ol>\n\n\n\n<p><strong>Data collected non-automatically<\/strong><\/p>\n\n\n\n<p>We may also collect the following data when you perform certain functions on our site:<\/p>\n\n\n\n<ol class=\"wp-block-list\"><li>First and last name<\/li><li>Date of birth<\/li><li>Email<\/li><li>Phone number<\/li><li>Home<\/li><li>Payment information<\/li><li>Automatic filling data<\/li><\/ol>\n\n\n\n<p>This data can be collected by the following methods:<\/p>\n\n\n\n<p>Form<\/p>\n\n\n\n<p>Please note that we only collect data that helps us to achieve the purpose stated in this privacy policy. We will not collect any additional data without informing you first.<\/p>\n\n\n\n<p><strong>How we use personal data<\/strong><br><br>Les donn\u00e9es personnelles recueillies sur notre site seront utilis\u00e9es uniquement aux fins pr\u00e9cis\u00e9es dans la pr\u00e9sente politique ou indiqu\u00e9es sur les pages pertinentes de notre site. Nous n\u2019utiliserons pas vos donn\u00e9es au-del\u00e0 de ce que nous divulguerons.<\/p>\n\n\n\n<p>Les donn\u00e9es que nous recueillons automatiquement sont utilis\u00e9es aux fins suivantes&nbsp;:<\/p>\n\n\n\n<ol class=\"wp-block-list\"><li>Communication<\/li><li>Website analysis<\/li><\/ol>\n\n\n\n<p>The data we collect when the user performs certain functions may be used for the following purposes:<\/p>\n\n\n\n<ol class=\"wp-block-list\"><li>Communication<\/li><li>Reservation management<\/li><\/ol>\n\n\n\n<p><strong>With whom we share personal data<\/strong><\/p>\n\n\n\n<p><strong>Employees<\/strong><br>We may disclose to any member of our organisation such user data as is reasonably necessary to fulfil the purposes set out in this policy.<\/p>\n\n\n\n<p><strong>Third parties<\/strong><br>We may share user data with the following third parties:<\/p>\n\n\n\n<ol class=\"wp-block-list\"><li>Google Analytics<\/li><\/ol>\n\n\n\n<p>We may share User Data with third parties for the following purposes:<\/p>\n\n\n\n<ol class=\"wp-block-list\"><li>Statistics<\/li><\/ol>\n\n\n\n<p>Third parties will not be able to access user data beyond what is reasonably necessary to achieve the given purpose.<\/p>\n\n\n\n<p><strong>Other disclosures<\/strong><br>We will not sell or share your data with third parties, except in the following cases:<\/p>\n\n\n\n<ol class=\"wp-block-list\"><li>if required by law<\/li><li>if it is required for any legal proceedings<\/li><li>to prove or protect our legal rights<\/li><li>to purchasers or potential purchasers of that company in the event that we seek to sell the company<\/li><\/ol>\n\n\n\n<p>If you follow hyperlinks from our site to another site, please note that we are not responsible for and have no control over their privacy policies and practices.<\/p>\n\n\n\n<p><strong>How long we store personal data<\/strong><br><br>We do not retain user data beyond what is necessary to achieve the purposes for which it is collected.<\/p>\n\n\n\n<p><strong>How we protect your personal data<\/strong><br><br>All data stored in our system is well secured and only accessible to the villa owners<br><br>While we take all reasonable precautions to ensure that our user data is secure and that users are protected, there is always a risk of harm. The Internet as a whole can be, at times, insecure and therefore we are unable to guarantee the security of user data beyond what is reasonably practical.<\/p>\n\n\n\n<p><strong>International data transfers<\/strong><\/p>\n\n\n\n<p>User data may be accessed, processed or collected in the following countries:<br><br>By all in the world but only by the owners<\/p>\n\n\n\n<p><strong>Minors<\/strong><\/p>\n\n\n\n<p>The GDPR specifies that persons under the age of 15 are considered minors for the purposes of data collection. Minors must have the consent of a legal representative for their data to be collected, processed and used.<\/p>\n\n\n\n<p><strong>Your rights as a user<\/strong><\/p>\n\n\n\n<p>Under the GDPR, users have the following rights as data subjects:<\/p>\n\n\n\n<ol class=\"wp-block-list\"><li>right of access<\/li><li>right of rectification<\/li><li>right to erasure<\/li><li>right to restrict processing<\/li><li>right to data portability<\/li><li>right of objection<\/li><\/ol>\n\n\n\n<p>More information on these rights can be found in chapter 3 (art 12-23) of the GDPR.<\/p>\n\n\n\n<p><strong>How to change, delete or dispute the data collected<\/strong><br><br>If you wish to have your information deleted or amended in any way, please contact our Privacy Officer here:<\/p>\n\n\n\n<p>Gloria CORREA LONDONO<br>contact@villalalameda.com<br>06 27 69 12 75<\/p>\n\n\n\n<p><strong>Cookie policy<\/strong><br><br>A cookie is a small file, stored on a user's hard drive by the website. Its purpose is to collect data about the user's browsing habits.<\/p>\n\n\n\n<p>We use the following types of cookies on our site:<\/p>\n\n\n\n<ol class=\"wp-block-list\"><li><strong>Functional cookies<\/strong><br>We use them to remember any selections you make on our site so that they are saved for future visits.<\/li><li><strong>Analytical cookies<\/strong><br>This allows us to improve the design and functionality of our site by collecting data about the content you access and engage with while using our site.<\/li><li><strong>Targeting cookies<\/strong><br>These cookies collect data about how you use the site and your preferences. This allows us to make the information you see on our site more promotional and targeted to you.<br><\/li><\/ol>\n\n\n\n<p>You can choose to be notified each time a cookie is sent. You can also choose to disable cookies entirely in your web browser, but this may reduce the quality of your user experience.<\/p>\n\n\n\n<p><strong>Cookies tiers<\/strong><br><br>We may use third party cookies on our site for the following purposes:<\/p>\n\n\n\n<ol class=\"wp-block-list\"><li>Monitor user preferences to tailor ads around their interests.<\/li><\/ol>\n\n\n\n<p><strong>Changes<\/strong><\/p>\n\n\n\n<p>This privacy policy may be amended from time to time to maintain compliance with the law and to reflect any changes to our data collection process. We recommend that our users check our policy from time to time to ensure that they are aware of any updates. If necessary, we may notify users by email of changes to this policy.<\/p>\n\n\n\n<p><strong>Contact<\/strong><\/p>\n\n\n\n<p>Si vous avez des questions \u00e0 nous poser, n\u2019h\u00e9sitez pas \u00e0 communiquer avec nous en utilisant ce qui suit\u00a0:<br>06 87 69 16 25<br>contact@villalalameda.com<br>46 avenue Cambac\u00e9r\u00e8s &#8211; 91370 Verri\u00e8res-le-Buisson &#8211; France<\/p>\n\n\n\n<p><br><em>Date of entry into force :&nbsp;<\/em>30 March 2022.<\/p>\n\n\n\n<p><\/p>","protected":false},"excerpt":{"rendered":"<p>POLITIQUE DE CONFIDENTIALIT\u00c9 villalalameda.comGloria CORREA LONDONO et R\u00e9my FERRADOU Type de site&nbsp;: e-commerce Le but de cette politique de confidentialit\u00e9 Le but de cette politique de confidentialit\u00e9 est d&rsquo;informer les utilisateurs de notre site des donn\u00e9es personnelles que nous recueillerons ainsi que les informations suivantes, le cas \u00e9ch\u00e9ant : Les donn\u00e9es personnelles que nous recueillerons L\u2019utilisation des donn\u00e9es recueillies Qui a acc\u00e8s aux donn\u00e9es recueillies Les droits des utilisateurs du site La politique de cookies du site Cette politique de confidentialit\u00e9 fonctionne parall\u00e8lement aux conditions g\u00e9n\u00e9rales d\u2019utilisation de notre site. Lois applicables Conform\u00e9ment au&nbsp;R\u00e8glement g\u00e9n\u00e9ral sur la protection des donn\u00e9es&nbsp;(RGPD),&#8230; <\/p>","protected":false},"author":1,"featured_media":0,"parent":0,"menu_order":0,"comment_status":"closed","ping_status":"closed","template":"template-full-width.php","meta":{"om_disable_all_campaigns":false,"_mi_skip_tracking":false,"_monsterinsights_sitenote_active":false,"_monsterinsights_sitenote_note":"","_monsterinsights_sitenote_category":0,"footnotes":""},"class_list":["post-100","page","type-page","status-publish","hentry"],"aioseo_notices":[],"_links":{"self":[{"href":"https:\/\/villalalameda.com\/en\/wp-json\/wp\/v2\/pages\/100","targetHints":{"allow":["GET"]}}],"collection":[{"href":"https:\/\/villalalameda.com\/en\/wp-json\/wp\/v2\/pages"}],"about":[{"href":"https:\/\/villalalameda.com\/en\/wp-json\/wp\/v2\/types\/page"}],"author":[{"embeddable":true,"href":"https:\/\/villalalameda.com\/en\/wp-json\/wp\/v2\/users\/1"}],"replies":[{"embeddable":true,"href":"https:\/\/villalalameda.com\/en\/wp-json\/wp\/v2\/comments?post=100"}],"version-history":[{"count":5,"href":"https:\/\/villalalameda.com\/en\/wp-json\/wp\/v2\/pages\/100\/revisions"}],"predecessor-version":[{"id":219,"href":"https:\/\/villalalameda.com\/en\/wp-json\/wp\/v2\/pages\/100\/revisions\/219"}],"wp:attachment":[{"href":"https:\/\/villalalameda.com\/en\/wp-json\/wp\/v2\/media?parent=100"}],"curies":[{"name":"wp","href":"https:\/\/api.w.org\/{rel}","templated":true}]}}