{"id":102,"date":"2022-03-30T14:58:37","date_gmt":"2022-03-30T14:58:37","guid":{"rendered":"https:\/\/villalalameda.com\/?page_id=102"},"modified":"2022-04-13T06:46:06","modified_gmt":"2022-04-13T06:46:06","slug":"conditions-generales","status":"publish","type":"page","link":"https:\/\/villalalameda.com\/en\/conditions-generales\/","title":{"rendered":"General Conditions"},"content":{"rendered":"<h2 class=\"has-text-align-center wp-block-heading\">GENERAL CONDITIONS<\/h2>\n\n\n\n<p>These terms and conditions govern the use of this site&nbsp;<em>villalalameda.com<\/em>.<br>This site is owned and managed by Gloria CORREA LONDONO and R\u00e9my FERRADOU<br>By using this site, you indicate that you have read and understood the Terms of Use and that you agree to abide by them at all times.<br><br>Type of site: e-commerce<\/p>\n\n\n\n<p><strong>Intellectual property<\/strong><br><br>All content published and made available on this site is the property of Gloria CORREA LONDONO and R\u00e9my FERRADOU and its creators. This includes, but is not limited to, images, texts, logos, documents, downloadable files and everything that contributes to the composition of this site.<\/p>\n\n\n\n<p><strong>User contributions<\/strong><br><br>Users can publish the following information on our site:<\/p>\n\n\n\n<ul class=\"wp-block-list\"><li>Public comment<\/li><\/ul>\n\n\n\n<p>By posting publicly on our site, you agree not to act unlawfully or violate the acceptable use terms listed in this document.<\/p>\n\n\n\n<p><strong>Sales of goods and services<\/strong><br>This document governs the sale of the services made available on our site.<\/p>\n\n\n\n<p>The services we offer include:<\/p>\n\n\n\n<ul class=\"wp-block-list\"><li>rental of guest rooms<\/li><\/ul>\n\n\n\n<p>The services linked to this document are the services that are displayed on our site at the time you access it. Any information, descriptions or images we provide on our services are described and presented as accurately as possible. However, we are not legally bound by such information, descriptions or images as we cannot guarantee the accuracy of every product or service we provide. You agree to purchase these services at your own risk.<\/p>\n\n\n\n<p><strong>Paiements<\/strong><br><br>We accept the following payment methods on this site:<\/p>\n\n\n\n<ul class=\"wp-block-list\"><li>Transfer<\/li><li>Cash<\/li><\/ul>\n\n\n\n<p>When you provide us with your payment details, you are confirming that you have authorised the use of and access to the payment instrument you have chosen to use. By providing us with your payment details, you confirm that you authorise us to charge the amount due to that payment instrument.<br><br>If we believe that your payment has violated a law or one of our terms of use, we reserve the right to cancel your transaction.<\/p>\n\n\n\n<p><em>Services<\/em><br><br>Services will be invoiced in full when the service is ordered.<\/p>\n\n\n\n<p><\/p>\n\n\n\n<p><strong>Reimbursement<\/strong><br><br><em>Refund of goods<\/em><\/p>\n\n\n\n<p>All goods sold on our site are non-refundable.<\/p>\n\n\n\n<p><strong>Limitation of liability<\/strong><br><br>Gloria CORREA LONDONO and R\u00e9my FERRADOU or any of its employees will be held responsible for any problem arising from this site. Nevertheless, Gloria CORREA LONDONO and R\u00e9my FERRADOU and its employees will not be held responsible for any problem arising from any irregular use of this site.<\/p>\n\n\n\n<p><strong>Compensation<\/strong><br><br>As a user, you hereby indemnify Gloria CORREA LONDONO and R\u00e9my FERRADOU from any liability, cost, cause of action, damage or expense arising out of your use of this site or your breach of any of the provisions set forth herein.<\/p>\n\n\n\n<p><strong>Applicable laws<\/strong><br><br>This document is subject to the laws applicable in France and aims to comply with its necessary rules and regulations. This includes the EU-wide regulations set out in the GDPR.<\/p>\n\n\n\n<p><strong>Divisibility<\/strong><br><br>If at any time any of the provisions set forth in this document are found to be inconsistent with or invalid under applicable law, such provisions shall be deemed void and shall be removed from this document. All other provisions will not be affected by the laws and the remainder of the document will still be considered valid.<\/p>\n\n\n\n<p><strong>Changes<\/strong><br><br>These terms and conditions may be amended from time to time to maintain compliance with the law and to reflect any changes to the way we operate our site and the way we expect users to behave on our site. We recommend that our users check these terms and conditions from time to time to ensure that they are aware of any updates. If necessary, we will notify users by e-mail of changes to these terms and conditions or post a notice on our site.<\/p>\n\n\n\n<p><strong>Contact<\/strong><br><br>Please contact us if you have any questions or concerns. Our contact details are as follows<br><br>06 27 69 12 75<br><br>contact@villalalameda.com<\/p>\n\n\n\n<p><em>Date of entry into force :&nbsp;<\/em>30 March 2022.<\/p>","protected":false},"excerpt":{"rendered":"<p>CONDITIONS G\u00c9N\u00c9RALES Les pr\u00e9sentes conditions g\u00e9n\u00e9rales r\u00e9gissent l\u2019utilisation de ce site&nbsp;villalalameda.com.Ce site appartient et est g\u00e9r\u00e9 par Gloria CORREA LONDONO et R\u00e9my FERRADOUEn utilisant ce site, vous indiquez que vous avez lu et compris les conditions d\u2019utilisation et que vous acceptez de les respecter en tout temps. Type de site : e-commerce Propri\u00e9t\u00e9 intellectuelle Tout contenu publi\u00e9 et mis \u00e0 disposition sur ce site est la propri\u00e9t\u00e9 de Gloria CORREA LONDONO et R\u00e9my FERRADOU et de ses cr\u00e9ateurs. Cela comprend, mais n\u2019est pas limit\u00e9 aux images, textes, logos, documents, fichiers t\u00e9l\u00e9chargeables et tout ce qui contribue \u00e0 la composition de&#8230; <\/p>","protected":false},"author":1,"featured_media":0,"parent":0,"menu_order":0,"comment_status":"closed","ping_status":"closed","template":"template-full-width.php","meta":{"om_disable_all_campaigns":false,"_mi_skip_tracking":false,"_monsterinsights_sitenote_active":false,"_monsterinsights_sitenote_note":"","_monsterinsights_sitenote_category":0,"footnotes":""},"class_list":["post-102","page","type-page","status-publish","hentry"],"aioseo_notices":[],"_links":{"self":[{"href":"https:\/\/villalalameda.com\/en\/wp-json\/wp\/v2\/pages\/102","targetHints":{"allow":["GET"]}}],"collection":[{"href":"https:\/\/villalalameda.com\/en\/wp-json\/wp\/v2\/pages"}],"about":[{"href":"https:\/\/villalalameda.com\/en\/wp-json\/wp\/v2\/types\/page"}],"author":[{"embeddable":true,"href":"https:\/\/villalalameda.com\/en\/wp-json\/wp\/v2\/users\/1"}],"replies":[{"embeddable":true,"href":"https:\/\/villalalameda.com\/en\/wp-json\/wp\/v2\/comments?post=102"}],"version-history":[{"count":4,"href":"https:\/\/villalalameda.com\/en\/wp-json\/wp\/v2\/pages\/102\/revisions"}],"predecessor-version":[{"id":218,"href":"https:\/\/villalalameda.com\/en\/wp-json\/wp\/v2\/pages\/102\/revisions\/218"}],"wp:attachment":[{"href":"https:\/\/villalalameda.com\/en\/wp-json\/wp\/v2\/media?parent=102"}],"curies":[{"name":"wp","href":"https:\/\/api.w.org\/{rel}","templated":true}]}}