{"id":232,"date":"2022-06-10T12:55:57","date_gmt":"2022-06-10T12:55:57","guid":{"rendered":"https:\/\/villalalameda.com\/?page_id=232"},"modified":"2022-06-29T01:06:11","modified_gmt":"2022-06-29T01:06:11","slug":"ecologie","status":"publish","type":"page","link":"https:\/\/villalalameda.com\/en\/ecologie\/","title":{"rendered":"Ecology"},"content":{"rendered":"<h2 class=\"wp-block-heading\">Eco-responsible tourism at Villa L'Alameda <\/h2>\n\n\n\n<p>Because we love travel as much as we love our planet, and because sustainable tourism fits perfectly with our values, we have started to go green.&nbsp;<\/p>\n\n\n\n<h2 class=\"wp-block-heading\">Our green approach<\/h2>\n\n\n\n<p>In this sense, we have made&nbsp;<strong>water and energy consumption&nbsp;<\/strong>our priority:<\/p>\n\n\n\n<ul class=\"wp-block-list\"><li><strong>Water management&nbsp;<\/strong>: Installation of water limiters<\/li><li><strong>Energy management&nbsp;<\/strong>: Low energy light bulbs \/ double glazing \/ floor, wall and ceiling insulation <\/li><li><strong>Raising awareness among our guests and staff&nbsp;<\/strong>about the use of the house heating and the jacuzzi<\/li><\/ul>\n\n\n\n<p>But not only ...&nbsp;<\/p>\n\n\n\n<ul class=\"wp-block-list\"><li>The&nbsp;<strong>waste sorting system<\/strong>that has been put in place also contributes to this approach. Thus, our waste is entirely sorted <\/li><li>Some of the products used for cleaning are now <strong>ecolabelled&nbsp;<\/strong>and their consumption controlled, which offers better air quality and fewer health risks<\/li><li>The welcome products have been redesigned with a view to saving plastic and recycling. They are fully&nbsp;<strong>eco-certified.<\/strong>. <\/li><\/ul>\n\n\n\n<h2 class=\"wp-block-heading\"><strong>Acting together<\/strong><\/h2>\n\n\n\n<p>Furthermore, during your stay, you can help us by adopting some simple eco-gestures.&nbsp;<\/p>\n\n\n\n<h3 class=\"wp-block-heading\" id=\"block-d40a1172-3843-4dec-8e26-004c6e5cd4e0\"><strong>Preserving our water resources&nbsp;<\/strong><\/h3>\n\n\n\n<p>Because small actions can have big consequences:<\/p>\n\n\n\n<ul class=\"wp-block-list\"><li>We change your<strong>bed linen and towels&nbsp;<\/strong>at your convenience. An unwashed towel saves 6 litres of water.&nbsp;<\/li><li>We offer a mid-stay cleaning service on request<strong>.<\/strong><\/li><li>Remember to&nbsp;<strong>turn off the taps<\/strong>&nbsp;when brushing your teeth and don't let the water run unnecessarily: a 5 minute shower uses 40-50 litres of water, each additional minute uses 10 litres more!<\/li><li>Please only throw toilet paper into the toilets, there are bins available. Cigarette butts, sanitary napkins and other rubbish impair the proper functioning of the wastewater treatment plant.&nbsp;<\/li><li>Do not hesitate to report any leaks or other water-related problems to us<\/li><\/ul>\n\n\n\n<h3 class=\"wp-block-heading\" id=\"block-25c6a1f5-a1d8-4988-8a37-fc7be162d720\"><strong>Energy is our future: save it!&nbsp;<\/strong><\/h3>\n\n\n\n<p>In your room, have the right reflexes:<\/p>\n\n\n\n<ul class=\"wp-block-list\" id=\"block-10927c82-91b8-40dd-bdb6-334b1e31045a\"><li>Use<strong>&nbsp;heating sparingly:<\/strong>: it's better for your health! If you open the window, don't forget to turn off the heating or air conditioning.&nbsp;<\/li><li>Set the temperature of the hot tub to 30degC when not in use.<\/li><li>Please<strong>turn off the lights&nbsp;<\/strong>when leaving your room and the house.&nbsp;<\/li><\/ul>\n\n\n\n<h3 class=\"wp-block-heading\" id=\"block-44b3a46c-d445-41e3-983b-6f45049a8a45\"><strong>Let's move without polluting:<\/strong><\/h3>\n\n\n\n<p>Ask at the reception desk for all the information you need to get around and discover the city on foot, by bike, electric bike, scooter, green cab (Taxi G7), electric car or with public transport (visit the\u00a0<a href=\"https:\/\/www.ratp.fr\/\" target=\"_blank\" rel=\"noreferrer noopener\">ratp<\/a>\u00a0website for more information). Discover\u00a0<a href=\"https:\/\/www.pistes-cyclables.com\/2019\/06\/plan-des-pistes-cyclables-de-paris-2020\/\" target=\"_blank\" rel=\"noreferrer noopener\"><strong>here\u00a0<\/strong><\/a>the map of Parisian cycle paths.<\/p>\n\n\n\n<p>Here are some applications or sites which propose to&nbsp;<strong>visit the city without polluting<\/strong>&nbsp;:<\/p>\n\n\n\n<ul class=\"wp-block-list\" id=\"block-9a6e1314-e8cb-483e-a343-db8118b72d25\"><li><a href=\"https:\/\/www.citygem.app\/\" rel=\"noreferrer noopener\" target=\"_blank\">Citygem&nbsp;<\/a>: A free application to visit Paris on foot, bike or scooter. Choose your theme: green, strolling or architecture and follow the guide!<\/li><li><a href=\"https:\/\/parisavelo.fr\/\" rel=\"noreferrer noopener\" target=\"_blank\">Parisavelo.fr&nbsp;<\/a>On this site, choose your bike, the time of the rental or opt for a guided bike tour!<\/li><li><a href=\"https:\/\/www.runnincity.world\/fr\" rel=\"noreferrer noopener\" target=\"_blank\">Runnin\u2019city&nbsp;<\/a>How to get around Paris: do you prefer to visit the city on the run? This application guides you in Paris (or elsewhere) for your discoveries by running, cycling or wheelchair.<\/li><\/ul>\n\n\n\n<h3 class=\"wp-block-heading\" id=\"block-fc6aaa95-d76f-422c-b154-c0cb34bc9517\"><strong>Let's reduce our waste quickly: it's overflowing!&nbsp;<\/strong><\/h3>\n\n\n\n<p>As far as possible and in compliance with hygiene rules, we limit single-use products and over-packaging.&nbsp;<strong>We separate waste.<\/strong><\/p>\n\n\n\n<p>You can help us by depositing :&nbsp;<\/p>\n\n\n\n<ul class=\"wp-block-list\" id=\"block-56e1908f-c27f-43f5-ba25-7174cd114f2e\"><li>Empty packaging, bottles and newspapers in the grey bin on the veranda <\/li><li>Your non-recyclable waste in the grey kitchen bin<\/li><li>Vos verres dans la poubelle verte de la v\u00e9randa.<\/li><\/ul>\n\n\n\n<h3 class=\"wp-block-heading\"><strong>Our commitment<\/strong><\/h3>\n\n\n\n<p>We are committed to improving our approach, and with this collective goal in mind, do not hesitate to share your ideas and support our values during your stay!&nbsp;<\/p>","protected":false},"excerpt":{"rendered":"<p>Tourisme \u00e9co-responsable \u00e0 Villa L&rsquo;Alameda Parce que nous aimons les voyages autant que notre plan\u00e8te, et que le tourisme durable \u00e9pouse parfaitement nos valeurs, nous avons d\u00e9marr\u00e9 un virage \u00e9cologique.&nbsp; Notre d\u00e9marche \u00e9cologique En ce sens, nous avons fait de la&nbsp;consommation d\u2019eau eau d\u2019\u00e9nergie&nbsp;notre priorit\u00e9 : Gestion de l\u2019eau&nbsp;: Installation de limiteurs d\u2019eau Gestion de l\u2019\u00e9nergie&nbsp;: Ampoules basse consommation \/ double vitrage \/ isolation sols, murs et plafonds Sensibilisation de nos h\u00f4tes et de notre personnel&nbsp;\u00e0 l\u2019usage du chauffage&nbsp;de la maison et du jacuzzi Mais pas que \u2026&nbsp; Le&nbsp;tri des d\u00e9chets, mis en place contribue \u00e9galement \u00e0 cette d\u00e9marche. Ainsi,&#8230; <\/p>","protected":false},"author":1,"featured_media":0,"parent":0,"menu_order":0,"comment_status":"closed","ping_status":"closed","template":"template-full-width.php","meta":{"om_disable_all_campaigns":false,"_mi_skip_tracking":false,"_monsterinsights_sitenote_active":false,"_monsterinsights_sitenote_note":"","_monsterinsights_sitenote_category":0,"footnotes":""},"class_list":["post-232","page","type-page","status-publish","hentry"],"aioseo_notices":[],"_links":{"self":[{"href":"https:\/\/villalalameda.com\/en\/wp-json\/wp\/v2\/pages\/232","targetHints":{"allow":["GET"]}}],"collection":[{"href":"https:\/\/villalalameda.com\/en\/wp-json\/wp\/v2\/pages"}],"about":[{"href":"https:\/\/villalalameda.com\/en\/wp-json\/wp\/v2\/types\/page"}],"author":[{"embeddable":true,"href":"https:\/\/villalalameda.com\/en\/wp-json\/wp\/v2\/users\/1"}],"replies":[{"embeddable":true,"href":"https:\/\/villalalameda.com\/en\/wp-json\/wp\/v2\/comments?post=232"}],"version-history":[{"count":11,"href":"https:\/\/villalalameda.com\/en\/wp-json\/wp\/v2\/pages\/232\/revisions"}],"predecessor-version":[{"id":302,"href":"https:\/\/villalalameda.com\/en\/wp-json\/wp\/v2\/pages\/232\/revisions\/302"}],"wp:attachment":[{"href":"https:\/\/villalalameda.com\/en\/wp-json\/wp\/v2\/media?parent=232"}],"curies":[{"name":"wp","href":"https:\/\/api.w.org\/{rel}","templated":true}]}}