{"id":102,"date":"2022-03-30T14:58:37","date_gmt":"2022-03-30T14:58:37","guid":{"rendered":"https:\/\/villalalameda.com\/?page_id=102"},"modified":"2022-04-13T06:46:06","modified_gmt":"2022-04-13T06:46:06","slug":"conditions-generales","status":"publish","type":"page","link":"https:\/\/villalalameda.com\/fr\/conditions-generales\/","title":{"rendered":"Conditions g\u00e9n\u00e9rales"},"content":{"rendered":"\n<h2 class=\"has-text-align-center wp-block-heading\">CONDITIONS G\u00c9N\u00c9RALES<\/h2>\n\n\n\n<p>Les pr\u00e9sentes conditions g\u00e9n\u00e9rales r\u00e9gissent l\u2019utilisation de ce site&nbsp;<em>villalalameda.com<\/em>.<br>Ce site appartient et est g\u00e9r\u00e9 par Gloria CORREA LONDONO et R\u00e9my FERRADOU<br>En utilisant ce site, vous indiquez que vous avez lu et compris les conditions d\u2019utilisation et que vous acceptez de les respecter en tout temps.<br><br>Type de site : e-commerce<\/p>\n\n\n\n<p><strong>Propri\u00e9t\u00e9 intellectuelle<\/strong><br><br>Tout contenu publi\u00e9 et mis \u00e0 disposition sur ce site est la propri\u00e9t\u00e9 de Gloria CORREA LONDONO et R\u00e9my FERRADOU et de ses cr\u00e9ateurs. Cela comprend, mais n\u2019est pas limit\u00e9 aux images, textes, logos, documents, fichiers t\u00e9l\u00e9chargeables et tout ce qui contribue \u00e0 la composition de ce site.<\/p>\n\n\n\n<p><strong>Contributions d&rsquo;utilisateur<\/strong><br><br>Les utilisateurs peuvent publier les informations suivantes sur notre site :<\/p>\n\n\n\n<ul class=\"wp-block-list\"><li>Commentaire du public<\/li><\/ul>\n\n\n\n<p>En affichant publiquement sur notre site, vous acceptez de ne pas agir ill\u00e9galement ou violer les conditions d\u2019utilisation acceptable \u00e9num\u00e9r\u00e9es dans ce document.<\/p>\n\n\n\n<p><strong>Ventes des biens et services<\/strong><br>Ce document r\u00e9git la vente des services mis \u00e0 disposition sur notre site.<\/p>\n\n\n\n<p>Les services que nous offrons comprennent :<\/p>\n\n\n\n<ul class=\"wp-block-list\"><li>location de chambres d\u2019h\u00f4tes<\/li><\/ul>\n\n\n\n<p>Les services li\u00e9s \u00e0 ce document sont les services qui sont affich\u00e9s sur notre site au moment o\u00f9 vous y acc\u00e9dez. Toutes les informations, descriptions ou images que nous fournissons sur nos services sont d\u00e9crites et pr\u00e9sent\u00e9es avec la plus grande pr\u00e9cision possible. Cependant, nous ne sommes pas l\u00e9galement &nbsp;tenus par ces informations, descriptions ou images car nous ne pouvons pas garantir l\u2019exactitude de chaque produit ou service que nous fournissons. Vous acceptez d\u2019acheter ces services \u00e0 vos propres risques.<\/p>\n\n\n\n<p><strong>Paiements<\/strong><br><br>Nous acceptons les modes de paiement suivants sur ce site :<\/p>\n\n\n\n<ul class=\"wp-block-list\"><li>Virement<\/li><li>Esp\u00e8ces<\/li><\/ul>\n\n\n\n<p>Lorsque vous nous fournissez vos renseignements de paiement, vous nous confirmez que vous avez autoris\u00e9 l\u2019utilisation et l\u2019acc\u00e8s \u00e0 l\u2019instrument de paiement que vous avez choisi d\u2019utiliser. En nous fournissant vos d\u00e9tails de paiement, vous confirmez que vous nous autorisez \u00e0 facturer le montant d\u00fb \u00e0 cet instrument de paiement.<br><br>Si nous estimons que votre paiement a viol\u00e9 une loi ou l\u2019une de nos conditions d\u2019utilisation, nous nous r\u00e9servons le droit d\u2019annuler votre transaction.<\/p>\n\n\n\n<p><em>Services<\/em><br><br>Les services seront factur\u00e9s en totalit\u00e9 \u00e0 la commande du service.<\/p>\n\n\n\n<p><\/p>\n\n\n\n<p><strong>Remboursement<\/strong><br><br><em>Remboursement des biens<\/em><\/p>\n\n\n\n<p>Tous les biens vendus sur notre site sont non remboursables.<\/p>\n\n\n\n<p><strong>Limitation de responsabilit\u00e9<\/strong><br><br>Gloria CORREA LONDONO et R\u00e9my FERRADOU ou l\u2019un de ses employ\u00e9s sera tenu responsable de tout probl\u00e8me d\u00e9coulant de ce site. N\u00e9anmoins, Gloria CORREA LONDONO et R\u00e9my FERRADOU et ses employ\u00e9s ne seront pas tenus responsables de tout probl\u00e8me d\u00e9coulant de toute utilisation irr\u00e9guli\u00e8re de ce site.<\/p>\n\n\n\n<p><strong>Indemnit\u00e9<\/strong><br><br>En tant qu\u2019utilisateur, vous indemnisez par les pr\u00e9sentes Gloria CORREA LONDONO et R\u00e9my FERRADOU de toute responsabilit\u00e9, de tout co\u00fbt, de toute cause d\u2019action, de tout dommage ou de toute d\u00e9pense d\u00e9coulant de votre utilisation de ce site ou de votre violation de l\u2019une des dispositions \u00e9nonc\u00e9es dans le pr\u00e9sent document.<\/p>\n\n\n\n<p><strong>Lois applicables<\/strong><br><br>Ce document est soumis aux lois applicables en France et vise \u00e0 se conformer \u00e0 ses r\u00e8gles et r\u00e8glements n\u00e9cessaires. Cela inclut la r\u00e9glementation \u00e0 l\u2019\u00e9chelle de l\u2019UE \u00e9nonc\u00e9e dans le RGPD.<\/p>\n\n\n\n<p><strong>Divisibilit\u00e9<\/strong><br><br>Si, \u00e0 tout moment, l\u2019une des dispositions \u00e9nonc\u00e9es dans le pr\u00e9sent document est jug\u00e9e incompatible ou invalide en vertu des lois applicables, ces dispositions seront consid\u00e9r\u00e9es comme nulles et seront retir\u00e9es du pr\u00e9sent document. Toutes les autres dispositions ne seront pas touch\u00e9es par les lois et le reste du document sera toujours consid\u00e9r\u00e9 comme valide.<\/p>\n\n\n\n<p><strong>Modifications<\/strong><br><br>Ces conditions g\u00e9n\u00e9rales peuvent \u00eatre modifi\u00e9es de temps \u00e0 autre afin de maintenir le respect de la loi et de refl\u00e9ter tout changement \u00e0 la fa\u00e7on dont nous g\u00e9rons notre site et la fa\u00e7on dont nous nous attendons \u00e0 ce que les utilisateurs se comportent sur notre site. Nous recommandons \u00e0 nos utilisateurs de v\u00e9rifier ces conditions g\u00e9n\u00e9rales de temps \u00e0 autre pour s\u2019assurer qu\u2019ils sont inform\u00e9s de toute mise \u00e0 jour. Au besoin, nous informerons les utilisateurs par courriel des changements apport\u00e9s \u00e0 ces conditions ou nous afficherons un avis sur notre site.<\/p>\n\n\n\n<p><strong>Contact<\/strong><br><br>Veuillez communiquer avec nous si vous avez des questions ou des pr\u00e9occupations. Nos coordonn\u00e9es sont les suivantes :<br><br>06 27 69 12 75<br><br>contact@villalalameda.com<\/p>\n\n\n\n<p><em>Date d&rsquo;entr\u00e9e en vigueur :&nbsp;<\/em>le 30 mars 2022.<\/p>\n","protected":false},"excerpt":{"rendered":"<p>CONDITIONS G\u00c9N\u00c9RALES Les pr\u00e9sentes conditions g\u00e9n\u00e9rales r\u00e9gissent l\u2019utilisation de ce site&nbsp;villalalameda.com.Ce site appartient et est g\u00e9r\u00e9 par Gloria CORREA LONDONO et R\u00e9my FERRADOUEn utilisant ce site, vous indiquez que vous avez lu et compris les conditions d\u2019utilisation et que vous acceptez de les respecter en tout temps. Type de site : e-commerce Propri\u00e9t\u00e9 intellectuelle Tout contenu publi\u00e9 et mis \u00e0 disposition sur ce site est la propri\u00e9t\u00e9 de Gloria CORREA LONDONO et R\u00e9my FERRADOU et de ses cr\u00e9ateurs. Cela comprend, mais n\u2019est pas limit\u00e9 aux images, textes, logos, documents, fichiers t\u00e9l\u00e9chargeables et tout ce qui contribue \u00e0 la composition de&#8230; <\/p>\n","protected":false},"author":1,"featured_media":0,"parent":0,"menu_order":0,"comment_status":"closed","ping_status":"closed","template":"template-full-width.php","meta":{"om_disable_all_campaigns":false,"_mi_skip_tracking":false,"_monsterinsights_sitenote_active":false,"_monsterinsights_sitenote_note":"","_monsterinsights_sitenote_category":0,"footnotes":""},"class_list":["post-102","page","type-page","status-publish","hentry"],"aioseo_notices":[],"_links":{"self":[{"href":"https:\/\/villalalameda.com\/fr\/wp-json\/wp\/v2\/pages\/102","targetHints":{"allow":["GET"]}}],"collection":[{"href":"https:\/\/villalalameda.com\/fr\/wp-json\/wp\/v2\/pages"}],"about":[{"href":"https:\/\/villalalameda.com\/fr\/wp-json\/wp\/v2\/types\/page"}],"author":[{"embeddable":true,"href":"https:\/\/villalalameda.com\/fr\/wp-json\/wp\/v2\/users\/1"}],"replies":[{"embeddable":true,"href":"https:\/\/villalalameda.com\/fr\/wp-json\/wp\/v2\/comments?post=102"}],"version-history":[{"count":4,"href":"https:\/\/villalalameda.com\/fr\/wp-json\/wp\/v2\/pages\/102\/revisions"}],"predecessor-version":[{"id":218,"href":"https:\/\/villalalameda.com\/fr\/wp-json\/wp\/v2\/pages\/102\/revisions\/218"}],"wp:attachment":[{"href":"https:\/\/villalalameda.com\/fr\/wp-json\/wp\/v2\/media?parent=102"}],"curies":[{"name":"wp","href":"https:\/\/api.w.org\/{rel}","templated":true}]}}