{"id":232,"date":"2022-06-10T12:55:57","date_gmt":"2022-06-10T12:55:57","guid":{"rendered":"https:\/\/villalalameda.com\/?page_id=232"},"modified":"2022-06-29T01:06:11","modified_gmt":"2022-06-29T01:06:11","slug":"ecologie","status":"publish","type":"page","link":"https:\/\/villalalameda.com\/fr\/ecologie\/","title":{"rendered":"Ecologie"},"content":{"rendered":"\n<h2 class=\"wp-block-heading\">Tourisme \u00e9co-responsable \u00e0 Villa L&rsquo;Alameda <\/h2>\n\n\n\n<p>Parce que nous aimons les voyages autant que notre plan\u00e8te, et que le tourisme durable \u00e9pouse parfaitement nos valeurs, nous avons d\u00e9marr\u00e9 un virage \u00e9cologique.&nbsp;<\/p>\n\n\n\n<h2 class=\"wp-block-heading\">Notre d\u00e9marche \u00e9cologique<\/h2>\n\n\n\n<p>En ce sens, nous avons fait de la&nbsp;<strong>consommation d\u2019eau eau d\u2019\u00e9nergie&nbsp;<\/strong>notre priorit\u00e9 :<\/p>\n\n\n\n<ul class=\"wp-block-list\"><li><strong>Gestion de l\u2019eau&nbsp;<\/strong>: Installation de limiteurs d\u2019eau<\/li><li><strong>Gestion de l\u2019\u00e9nergie&nbsp;<\/strong>: Ampoules basse consommation \/ double vitrage \/ isolation sols, murs et plafonds <\/li><li><strong>Sensibilisation de nos h\u00f4tes et de notre personnel&nbsp;<\/strong>\u00e0 l\u2019usage du chauffage&nbsp;de la maison et du jacuzzi<\/li><\/ul>\n\n\n\n<p>Mais pas que \u2026&nbsp;<\/p>\n\n\n\n<ul class=\"wp-block-list\"><li>Le&nbsp;<strong>tri des d\u00e9chets<\/strong>, mis en place contribue \u00e9galement \u00e0 cette d\u00e9marche. Ainsi, nos d\u00e9chets sont ainsi enti\u00e8rement tri\u00e9s. <\/li><li>Une partie des produits utilis\u00e9s pour l\u2019entretien sont dor\u00e9navant <strong>ecolabelis\u00e9s&nbsp;<\/strong>et leur consommation contr\u00f4l\u00e9e, ce qui offre une meilleure qualit\u00e9 de l\u2019air et moins de risques pour la sant\u00e9.<\/li><li>Les produits d\u2019accueil ont \u00e9t\u00e9 revus dans un souci d\u2019\u00e9conomie de plastique et de recyclage. Ils sont enti\u00e8rement&nbsp;<strong>\u00e9cocertifi\u00e9s<\/strong>. <\/li><\/ul>\n\n\n\n<h2 class=\"wp-block-heading\"><strong>Agissons ensemble<\/strong><\/h2>\n\n\n\n<p>Par ailleurs, lors de votre s\u00e9jour, vous pouvez nous aider en adoptant quelques \u00e9co-gestes simples.&nbsp;<\/p>\n\n\n\n<h3 class=\"wp-block-heading\" id=\"block-d40a1172-3843-4dec-8e26-004c6e5cd4e0\"><strong>Pr\u00e9servons notre ressource en eau&nbsp;<\/strong><\/h3>\n\n\n\n<p>Parce que de petits gestes peuvent avoir de grandes cons\u00e9quences :<\/p>\n\n\n\n<ul class=\"wp-block-list\"><li>Nous changeons votre l<strong>inge de lit et de toilette&nbsp;<\/strong>\u00e0 votre convenance. Une serviette non lav\u00e9e est une \u00e9conomie de 6 litres d\u2019eau.&nbsp;<\/li><li>Nous proposons un service de m\u00e9nage au milieu du s\u00e9jour sous demande<strong>.<\/strong><\/li><li>Pensez \u00e0&nbsp;<strong>fermer les robinets<\/strong>&nbsp;lorsque vous vous brossez les dents et \u00e0 ne pas laisser couler l\u2019eau inutilement : une douche de 5 minutes consomme 40 \u00e0 50 litres d\u2019eau, chaque minute suppl\u00e9mentaire consomme 10 litres de plus !<\/li><li>Veillez \u00e0 ne jeter que le papier hygi\u00e9nique dans les toilettes, des poubelles sont \u00e0 votre disposition. En effet, les m\u00e9gots, protections p\u00e9riodiques et autres d\u00e9chets alt\u00e8rent le bon fonctionnement de la station d\u2019\u00e9puration.&nbsp;<\/li><li>N\u2019h\u00e9sitez pas \u00e0 nous signaler toute fuite ou autre anomalie concernant l\u2019eau<\/li><\/ul>\n\n\n\n<h3 class=\"wp-block-heading\" id=\"block-25c6a1f5-a1d8-4988-8a37-fc7be162d720\"><strong>L\u2019\u00e9nergie est notre avenir : \u00e9conomisons-l\u00e0 !&nbsp;<\/strong><\/h3>\n\n\n\n<p>Dans votre chambre, ayez les bons r\u00e9flexes :<\/p>\n\n\n\n<ul class=\"wp-block-list\" id=\"block-10927c82-91b8-40dd-bdb6-334b1e31045a\"><li>Utilisez<strong>&nbsp;le chauffage avec mod\u00e9ration<\/strong>: c\u2019est meilleur pour votre sant\u00e9 ! Si vous ouvrez la fen\u00eatre, n\u2019oubliez pas de couper le chauffage ou la climatisation.&nbsp;<\/li><li>R\u00e9glez la temp\u00e9rature du jacuzzi \u00e0 30degC quand il n&rsquo;est pas en utilisation.<\/li><li>Merci d\u2019<strong>\u00e9teindre les lumi\u00e8res&nbsp;<\/strong>en sortant de votre chambre et de la maison.&nbsp;<\/li><\/ul>\n\n\n\n<h3 class=\"wp-block-heading\" id=\"block-44b3a46c-d445-41e3-983b-6f45049a8a45\"><strong>D\u00e9pla\u00e7ons-nous sans polluer :<\/strong><\/h3>\n\n\n\n<p>Demandez \u00e0 l\u2019accueil toutes les informations pour vous d\u00e9placer et d\u00e9couvrir la ville \u00e0 pied, en v\u00e9lo, v\u00e9lo \u00e9lectrique, trottinette, taxi vert (green cab Taxi G7), voiture \u00e9lectrique ou avec les transports en commun (rendez-vous sur le site de la\u00a0<a href=\"https:\/\/www.ratp.fr\/\" target=\"_blank\" rel=\"noreferrer noopener\">ratp<\/a>\u00a0pour plus d\u2019informations). D\u00e9couvrez\u00a0<a href=\"https:\/\/www.pistes-cyclables.com\/2019\/06\/plan-des-pistes-cyclables-de-paris-2020\/\" target=\"_blank\" rel=\"noreferrer noopener\"><strong>ici\u00a0<\/strong><\/a>la carte des pistes cyclables parisiennes.<\/p>\n\n\n\n<p>Voici des applications ou sites qui proposent de&nbsp;<strong>visiter la ville sans polluer<\/strong>&nbsp;:<\/p>\n\n\n\n<ul class=\"wp-block-list\" id=\"block-9a6e1314-e8cb-483e-a343-db8118b72d25\"><li><a href=\"https:\/\/www.citygem.app\/\" rel=\"noreferrer noopener\" target=\"_blank\">Citygem&nbsp;<\/a>: une application gratuite pour visiter Paris \u00e0 pied, \u00e0 v\u00e9lo ou en trottinette. Choisissez votre th\u00e8me&nbsp;: green, fl\u00e2neries ou encore architecture et suivez le guide&nbsp;!<\/li><li><a href=\"https:\/\/parisavelo.fr\/\" rel=\"noreferrer noopener\" target=\"_blank\">Parisavelo.fr&nbsp;<\/a>: sur ce site, choisissez votre v\u00e9lo, le temps de la location ou optez pour une visite guid\u00e9e \u00e0 v\u00e9lo&nbsp;!<\/li><li><a href=\"https:\/\/www.runnincity.world\/fr\" rel=\"noreferrer noopener\" target=\"_blank\">Runnin\u2019city&nbsp;<\/a>: vous pr\u00e9f\u00e9rez visiter la ville en courant&nbsp;? Cette application vous guide \u00e0 Paris (ou ailleurs) pour vos d\u00e9couvertes en courant, \u00e0 v\u00e9lo ou en fauteuil roulant.<\/li><\/ul>\n\n\n\n<h3 class=\"wp-block-heading\" id=\"block-fc6aaa95-d76f-422c-b154-c0cb34bc9517\"><strong>R\u00e9duisons vite nos d\u00e9chets : \u00e7a d\u00e9borde !&nbsp;<\/strong><\/h3>\n\n\n\n<p>Dans la mesure du possible et dans le respect des r\u00e8gles d\u2019hygi\u00e8ne, nous limitons autant que possible les produits \u00e0 usage unique et les suremballages.&nbsp;<strong>Nous trions les d\u00e9chets.<\/strong><\/p>\n\n\n\n<p>Vous pouvez nous aider en d\u00e9posant :&nbsp;<\/p>\n\n\n\n<ul class=\"wp-block-list\" id=\"block-56e1908f-c27f-43f5-ba25-7174cd114f2e\"><li>Vos emballages vides, bouteilles et journaux dans le bac gris de la v\u00e9randa <\/li><li>Vos d\u00e9chets non recyclables dans le bac gris de la cuisine<\/li><li>Vos verres dans la poubelle verte de la v\u00e9randa.<\/li><\/ul>\n\n\n\n<h3 class=\"wp-block-heading\"><strong>Notre engagement<\/strong><\/h3>\n\n\n\n<p>Nous nous engageons \u00e0 parfaire notre d\u00e9marche, et dans ce but collectif, n\u2019h\u00e9sitez pas \u00e0 nous faire remonter vos id\u00e9es et \u00e0 soutenir nos valeurs lors de votre s\u00e9jour !&nbsp;<\/p>\n","protected":false},"excerpt":{"rendered":"<p>Tourisme \u00e9co-responsable \u00e0 Villa L&rsquo;Alameda Parce que nous aimons les voyages autant que notre plan\u00e8te, et que le tourisme durable \u00e9pouse parfaitement nos valeurs, nous avons d\u00e9marr\u00e9 un virage \u00e9cologique.&nbsp; Notre d\u00e9marche \u00e9cologique En ce sens, nous avons fait de la&nbsp;consommation d\u2019eau eau d\u2019\u00e9nergie&nbsp;notre priorit\u00e9 : Gestion de l\u2019eau&nbsp;: Installation de limiteurs d\u2019eau Gestion de l\u2019\u00e9nergie&nbsp;: Ampoules basse consommation \/ double vitrage \/ isolation sols, murs et plafonds Sensibilisation de nos h\u00f4tes et de notre personnel&nbsp;\u00e0 l\u2019usage du chauffage&nbsp;de la maison et du jacuzzi Mais pas que \u2026&nbsp; Le&nbsp;tri des d\u00e9chets, mis en place contribue \u00e9galement \u00e0 cette d\u00e9marche. Ainsi,&#8230; <\/p>\n","protected":false},"author":1,"featured_media":0,"parent":0,"menu_order":0,"comment_status":"closed","ping_status":"closed","template":"template-full-width.php","meta":{"om_disable_all_campaigns":false,"_mi_skip_tracking":false,"_monsterinsights_sitenote_active":false,"_monsterinsights_sitenote_note":"","_monsterinsights_sitenote_category":0,"footnotes":""},"class_list":["post-232","page","type-page","status-publish","hentry"],"aioseo_notices":[],"_links":{"self":[{"href":"https:\/\/villalalameda.com\/fr\/wp-json\/wp\/v2\/pages\/232","targetHints":{"allow":["GET"]}}],"collection":[{"href":"https:\/\/villalalameda.com\/fr\/wp-json\/wp\/v2\/pages"}],"about":[{"href":"https:\/\/villalalameda.com\/fr\/wp-json\/wp\/v2\/types\/page"}],"author":[{"embeddable":true,"href":"https:\/\/villalalameda.com\/fr\/wp-json\/wp\/v2\/users\/1"}],"replies":[{"embeddable":true,"href":"https:\/\/villalalameda.com\/fr\/wp-json\/wp\/v2\/comments?post=232"}],"version-history":[{"count":11,"href":"https:\/\/villalalameda.com\/fr\/wp-json\/wp\/v2\/pages\/232\/revisions"}],"predecessor-version":[{"id":302,"href":"https:\/\/villalalameda.com\/fr\/wp-json\/wp\/v2\/pages\/232\/revisions\/302"}],"wp:attachment":[{"href":"https:\/\/villalalameda.com\/fr\/wp-json\/wp\/v2\/media?parent=232"}],"curies":[{"name":"wp","href":"https:\/\/api.w.org\/{rel}","templated":true}]}}