{"id":349,"date":"2022-09-23T17:21:58","date_gmt":"2022-09-23T17:21:58","guid":{"rendered":"https:\/\/villalalameda.com\/?page_id=349"},"modified":"2024-12-17T15:35:58","modified_gmt":"2024-12-17T15:35:58","slug":"la-cosy","status":"publish","type":"page","link":"https:\/\/villalalameda.com\/fr\/la-cosy\/","title":{"rendered":"La Cosy"},"content":{"rendered":"\n\t\t<!-- MasterSlider -->\n\t\t<div id=\"P_MS69ea214cea263\" class=\"master-slider-parent msl ms-parent-id-2\" style=\"max-width:800px;\">\n\n\t\t\t\n\t\t\t<!-- MasterSlider Main -->\n\t\t\t<div id=\"MS69ea214cea263\" class=\"master-slider ms-skin-light-3\" >\n\t\t\t\t \t\t\t\t \n\t\t\t\t<div  class=\"ms-slide\" data-delay=\"3\" data-fill-mode=\"fill\"  >\n\t\t\t\t\t<img decoding=\"async\" src=\"https:\/\/villalalameda.com\/wp-content\/plugins\/master-slider\/public\/assets\/css\/blank.gif\" alt=\"\" title=\"\" data-src=\"https:\/\/villalalameda.com\/wp-content\/uploads\/2022\/09\/Salon-1400.png\" \/>\n\n\n\t<div class=\"ms-thumb\" ><div class=\"ms-tab-context\"><div class=&quot;ms-tab-context&quot;><\/div><\/div>\n<\/div>\n\t\t\t\t<\/div>\n\t\t\t\t<div  class=\"ms-slide\" data-delay=\"3\" data-fill-mode=\"fill\"  >\n\t\t\t\t\t<img decoding=\"async\" src=\"https:\/\/villalalameda.com\/wp-content\/plugins\/master-slider\/public\/assets\/css\/blank.gif\" alt=\"\" title=\"\" data-src=\"https:\/\/villalalameda.com\/wp-content\/uploads\/2024\/12\/Design-sans-titre-6.png\" \/>\n\n\n\t<div class=\"ms-thumb\" ><div class=\"ms-tab-context\"><div class=&quot;ms-tab-context&quot;><\/div><\/div>\n<\/div>\n\t\t\t\t<\/div>\n\t\t\t\t<div  class=\"ms-slide\" data-delay=\"3\" data-fill-mode=\"fill\"  >\n\t\t\t\t\t<img decoding=\"async\" src=\"https:\/\/villalalameda.com\/wp-content\/plugins\/master-slider\/public\/assets\/css\/blank.gif\" alt=\"\" title=\"\" data-src=\"https:\/\/villalalameda.com\/wp-content\/uploads\/2022\/09\/JARDIN-1400.png\" \/>\n\n\n\t<div class=\"ms-thumb\" ><div class=\"ms-tab-context\"><div class=&quot;ms-tab-context&quot;><\/div><\/div>\n<\/div>\n\t\t\t\t<\/div>\n\t\t\t\t<div  class=\"ms-slide\" data-delay=\"3\" data-fill-mode=\"fill\"  >\n\t\t\t\t\t<img decoding=\"async\" src=\"https:\/\/villalalameda.com\/wp-content\/plugins\/master-slider\/public\/assets\/css\/blank.gif\" alt=\"\" title=\"\" data-src=\"https:\/\/villalalameda.com\/wp-content\/uploads\/2024\/12\/Design-sans-titre-7.png\" \/>\n\n\n\t<div class=\"ms-thumb\" ><div class=\"ms-tab-context\"><div class=&quot;ms-tab-context&quot;><\/div><\/div>\n<\/div>\n\t\t\t\t<\/div>\n\t\t\t\t<div  class=\"ms-slide\" data-delay=\"3\" data-fill-mode=\"fill\"  >\n\t\t\t\t\t<img decoding=\"async\" src=\"https:\/\/villalalameda.com\/wp-content\/plugins\/master-slider\/public\/assets\/css\/blank.gif\" alt=\"\" title=\"\" data-src=\"https:\/\/villalalameda.com\/wp-content\/uploads\/2022\/09\/CHAMBRE-BUREAU-1400.png\" \/>\n\n\n\t<div class=\"ms-thumb\" ><div class=\"ms-tab-context\"><div class=&quot;ms-tab-context&quot;><\/div><\/div>\n<\/div>\n\t\t\t\t<\/div>\n\t\t\t\t<div  class=\"ms-slide\" data-delay=\"3\" data-fill-mode=\"fill\"  >\n\t\t\t\t\t<img decoding=\"async\" src=\"https:\/\/villalalameda.com\/wp-content\/plugins\/master-slider\/public\/assets\/css\/blank.gif\" alt=\"\" title=\"\" data-src=\"https:\/\/villalalameda.com\/wp-content\/uploads\/2022\/09\/Cuisine-1400.png\" \/>\n\n\n\t<div class=\"ms-thumb\" ><div class=\"ms-tab-context\"><div class=&quot;ms-tab-context&quot;><\/div><\/div>\n<\/div>\n\t\t\t\t<\/div>\n\t\t\t\t<div  class=\"ms-slide\" data-delay=\"3\" data-fill-mode=\"fill\"  >\n\t\t\t\t\t<img decoding=\"async\" src=\"https:\/\/villalalameda.com\/wp-content\/plugins\/master-slider\/public\/assets\/css\/blank.gif\" alt=\"\" title=\"\" data-src=\"https:\/\/villalalameda.com\/wp-content\/uploads\/2022\/09\/AIRE-DE-JEUX-1400.png\" \/>\n\n\n\t<div class=\"ms-thumb\" ><div class=\"ms-tab-context\"><div class=&quot;ms-tab-context&quot;><\/div><\/div>\n<\/div>\n\t\t\t\t<\/div>\n\t\t\t\t<div  class=\"ms-slide\" data-delay=\"3\" data-fill-mode=\"fill\"  >\n\t\t\t\t\t<img decoding=\"async\" src=\"https:\/\/villalalameda.com\/wp-content\/plugins\/master-slider\/public\/assets\/css\/blank.gif\" alt=\"\" title=\"\" data-src=\"https:\/\/villalalameda.com\/wp-content\/uploads\/2022\/09\/Rdc-1400.png\" \/>\n\n\n\t<div class=\"ms-thumb\" ><div class=\"ms-tab-context\"><div class=&quot;ms-tab-context&quot;><\/div><\/div>\n<\/div>\n\t\t\t\t<\/div>\n\t\t\t\t<div  class=\"ms-slide\" data-delay=\"3\" data-fill-mode=\"fill\"  >\n\t\t\t\t\t<img decoding=\"async\" src=\"https:\/\/villalalameda.com\/wp-content\/plugins\/master-slider\/public\/assets\/css\/blank.gif\" alt=\"\" title=\"\" data-src=\"https:\/\/villalalameda.com\/wp-content\/uploads\/2022\/09\/SALLE-A-MANGER-2-1400.png\" \/>\n\n\n\t<div class=\"ms-thumb\" ><div class=\"ms-tab-context\"><div class=&quot;ms-tab-context&quot;><\/div><\/div>\n<\/div>\n\t\t\t\t<\/div>\n\t\t\t\t<div  class=\"ms-slide\" data-delay=\"3\" data-fill-mode=\"fill\"  >\n\t\t\t\t\t<img decoding=\"async\" src=\"https:\/\/villalalameda.com\/wp-content\/plugins\/master-slider\/public\/assets\/css\/blank.gif\" alt=\"\" title=\"\" data-src=\"https:\/\/villalalameda.com\/wp-content\/uploads\/2022\/09\/SALLE-A-MANGER-1400.png\" \/>\n\n\n\t<div class=\"ms-thumb\" ><div class=\"ms-tab-context\"><div class=&quot;ms-tab-context&quot;><\/div><\/div>\n<\/div>\n\t\t\t\t<\/div>\n\t\t\t\t<div  class=\"ms-slide\" data-delay=\"3\" data-fill-mode=\"fill\"  >\n\t\t\t\t\t<img decoding=\"async\" src=\"https:\/\/villalalameda.com\/wp-content\/plugins\/master-slider\/public\/assets\/css\/blank.gif\" alt=\"\" title=\"\" data-src=\"https:\/\/villalalameda.com\/wp-content\/uploads\/2022\/09\/TERRASSE-BBQ-1400.png\" \/>\n\n\n\t<div class=\"ms-thumb\" ><div class=\"ms-tab-context\"><div class=&quot;ms-tab-context&quot;><\/div><\/div>\n<\/div>\n\t\t\t\t<\/div>\n\t\t\t\t<div  class=\"ms-slide\" data-delay=\"3\" data-fill-mode=\"fill\"  >\n\t\t\t\t\t<img decoding=\"async\" src=\"https:\/\/villalalameda.com\/wp-content\/plugins\/master-slider\/public\/assets\/css\/blank.gif\" alt=\"\" title=\"\" data-src=\"https:\/\/villalalameda.com\/wp-content\/uploads\/2022\/09\/TERRASSE-1400.png\" \/>\n\n\n\t<div class=\"ms-thumb\" ><div class=\"ms-tab-context\"><div class=&quot;ms-tab-context&quot;><\/div><\/div>\n<\/div>\n\t\t\t\t<\/div>\n\t\t\t\t<div  class=\"ms-slide\" data-delay=\"3\" data-fill-mode=\"fill\"  >\n\t\t\t\t\t<img decoding=\"async\" src=\"https:\/\/villalalameda.com\/wp-content\/plugins\/master-slider\/public\/assets\/css\/blank.gif\" alt=\"\" title=\"\" data-src=\"https:\/\/villalalameda.com\/wp-content\/uploads\/2022\/09\/CHAMBRE-VERT-1400.png\" \/>\n\n\n\t<div class=\"ms-thumb\" ><div class=\"ms-tab-context\"><div class=&quot;ms-tab-context&quot;><\/div><\/div>\n<\/div>\n\t\t\t\t<\/div>\n\t\t\t\t<div  class=\"ms-slide\" data-delay=\"3\" data-fill-mode=\"fill\"  >\n\t\t\t\t\t<img decoding=\"async\" src=\"https:\/\/villalalameda.com\/wp-content\/plugins\/master-slider\/public\/assets\/css\/blank.gif\" alt=\"\" title=\"\" data-src=\"https:\/\/villalalameda.com\/wp-content\/uploads\/2022\/09\/CHAMBRE-BLEUVERT-1400.png\" \/>\n\n\n\t<div class=\"ms-thumb\" ><div class=\"ms-tab-context\"><div class=&quot;ms-tab-context&quot;><\/div><\/div>\n<\/div>\n\t\t\t\t<\/div>\n\t\t\t\t<div  class=\"ms-slide\" data-delay=\"3\" data-fill-mode=\"fill\"  >\n\t\t\t\t\t<img decoding=\"async\" src=\"https:\/\/villalalameda.com\/wp-content\/plugins\/master-slider\/public\/assets\/css\/blank.gif\" alt=\"\" title=\"\" data-src=\"https:\/\/villalalameda.com\/wp-content\/uploads\/2022\/09\/CHAMBRE-ROSE-1400.png\" \/>\n\n\n\t<div class=\"ms-thumb\" ><div class=\"ms-tab-context\"><div class=&quot;ms-tab-context&quot;><\/div><\/div>\n<\/div>\n\t\t\t\t<\/div>\n\t\t\t\t<div  class=\"ms-slide\" data-delay=\"3\" data-fill-mode=\"fill\"  >\n\t\t\t\t\t<img decoding=\"async\" src=\"https:\/\/villalalameda.com\/wp-content\/plugins\/master-slider\/public\/assets\/css\/blank.gif\" alt=\"\" title=\"\" data-src=\"https:\/\/villalalameda.com\/wp-content\/uploads\/2022\/09\/CHAMBRE-BLEU-1400.png\" \/>\n\n\n\t<div class=\"ms-thumb\" ><div class=\"ms-tab-context\"><div class=&quot;ms-tab-context&quot;><\/div><\/div>\n<\/div>\n\t\t\t\t<\/div>\n\t\t\t\t<div  class=\"ms-slide\" data-delay=\"3\" data-fill-mode=\"fill\"  >\n\t\t\t\t\t<img decoding=\"async\" src=\"https:\/\/villalalameda.com\/wp-content\/plugins\/master-slider\/public\/assets\/css\/blank.gif\" alt=\"\" title=\"\" data-src=\"https:\/\/villalalameda.com\/wp-content\/uploads\/2022\/09\/SPA-1400.png\" \/>\n\n\n\t<div class=\"ms-thumb\" ><div class=\"ms-tab-context\"><div class=&quot;ms-tab-context&quot;><\/div><\/div>\n<\/div>\n\t\t\t\t<\/div>\n\n\t\t\t<\/div>\n\t\t\t<!-- END MasterSlider Main -->\n\n\t\t\t \n\t\t<\/div>\n\t\t<!-- END MasterSlider -->\n\n\t\t<script>\n\t\t(function ( $ ) {\n\t\t\t\"use strict\";\n\n\t\t\t$(function () {\n\t\t\t\tvar masterslider_a263 = new MasterSlider();\n\n\t\t\t\t\/\/ slider controls\n\t\t\t\tmasterslider_a263.control('arrows'     ,{ autohide:false, overVideo:true  });\t\t\t\tmasterslider_a263.control('bullets'    ,{ autohide:true, overVideo:true, dir:'h', align:'bottom' , margin:10  });\n\n\t\t\t\tmasterslider_a263.control('circletimer',{ autohide:false, overVideo:true, color:'#434343', radius:10, stroke:3   });\n\t\t\t\tmasterslider_a263.control('timebar'    ,{ autohide:false, overVideo:true, align:'bottom', color:'#FFFFFF'  , width:4 });\n\t\t\t\t\/\/ slider setup\n\t\t\t\tmasterslider_a263.setup(\"MS69ea214cea263\", {\n\t\t\t\t\t\twidth           : 800,\n\t\t\t\t\t\theight          : 480,\n\t\t\t\t\t\tminHeight       : 0,\n\t\t\t\t\t\tspace           : 0,\n\t\t\t\t\t\tstart           : 1,\n\t\t\t\t\t\tgrabCursor      : true,\n\t\t\t\t\t\tswipe           : true,\n\t\t\t\t\t\tmouse           : true,\n\t\t\t\t\t\tlayout          : \"boxed\",\n\t\t\t\t\t\twheel           : false,\n\t\t\t\t\t\tautoplay        : true,\n\t\t\t\t\t\tinstantStartLayers:false,\n\t\t\t\t\t\tloop            : true,\n\t\t\t\t\t\tshuffle         : false,\n\t\t\t\t\t\tpreload         : 0,\n\t\t\t\t\t\theightLimit     : true,\n\t\t\t\t\t\tautoHeight      : false,\n\t\t\t\t\t\tsmoothHeight    : true,\n\t\t\t\t\t\tendPause        : false,\n\t\t\t\t\t\toverPause       : true,\n\t\t\t\t\t\tfillMode        : \"fill\",\n\t\t\t\t\t\tcenterControls  : true,\n\t\t\t\t\t\tstartOnAppear   : false,\n\t\t\t\t\t\tlayersMode      : \"center\",\n\t\t\t\t\t\thideLayers      : false,\n\t\t\t\t\t\tfullscreenMargin: 0,\n\t\t\t\t\t\tspeed           : 20,\n\t\t\t\t\t\tdir             : \"h\",\n\t\t\t\t\t\tparallaxMode    : 'swipe',\n\t\t\t\t\t\tview            : \"basic\"\n\t\t\t\t});\n\n\t\t\t\t\n\t\t\t\twindow.masterslider_instances = window.masterslider_instances || [];\n\t\t\t\twindow.masterslider_instances.push( masterslider_a263 );\n\t\t\t });\n\n\t\t})(jQuery);\n\t\t<\/script>\n\n\n\n\n\n<div style=\"height:43px\" aria-hidden=\"true\" class=\"wp-block-spacer\"><\/div>\n\n\n\n<h2 class=\"wp-block-heading has-text-align-center\">La Cosy<\/h2>\n\n\n<div class=\"subtitle\" style=\"font-size:16px; color:#5f5f5f; text-align:left;\">Magnifique villa contemporaine de 200m\u00b2 avec DESIGN \u00e9pur\u00e9. Elle est enti\u00e8rement \u00e9quip\u00e9e et peut accueillir tr\u00e8s confortablement 7 personnes.<\/p>\n<p>Vous serez s\u00e9duits par ses grandes terrasses, baies vitr\u00e9es et sa pi\u00e8ce \u00e0 vivre de 60m\u00b2. Vous avez acc\u00e8s \u00e0 une connexion WI-FI, NETFLIX et DEEZER gratuitement. <\/p>\n<p>La Cosy est id\u00e9ale pour un s\u00e9jour d'\u00e9quipe.  Multiples activit\u00e9s TEAM BUILDING envisageables dans cette villa et dans les alentours. Un BUREAU PAR CHAMBRE pour vous isoler pour TELETRAVAILLER et un grand espace commun pour partager ensemble. <\/p>\n<p>La Cosy est totalement adapt\u00e9e pour recevoir des FAMILLES.  Vous disposerez d\u2019un lit parapluie, d\u2019une chaise haute, de vaisselle adapt\u00e9e, d'un LAVE-LINGE, d'un s\u00e8che-linge et des BARRI\u00c8RES DE S\u00c9CURIT\u00c9 pour vous aider \u00e0 prot\u00e9ger vos ENFANTS et B\u00c9B\u00c9S.<\/p>\n<p>Vous aurez acc\u00e8s \u00e0 notre CUISINE ENTI\u00c8REMENT \u00c9QUIP\u00c9E incluant robot de cuisine. Nos herbes aromatiques sont \u00e0 votre disposition pour assaisonner vos plats et\/ou vos viandes cuites aux BARBECUE sur la terrasse. Il est \u00e9galement possible de se faire livrer vos repas ou aller au restaurant \u00e0 pied.<\/p>\n<p>Vous pouvez vous d\u00e9tendre dans notre confortable salon autour d'un feu chaleureux avec notre POELE A BOIS. <\/p>\n<p>Reposez-vous dans nos 5 chambres poss\u00e9dant un mobilier et une d\u00e9coration moderne et personnalis\u00e9e, de quoi permettre \u00e0 chacun de choisir sa CHAMBRE pr\u00e9f\u00e9r\u00e9e. La literie a \u00e9t\u00e9 soigneusement \u00e9quip\u00e9e de MATELAS DE QUALIT\u00c9 pour vous permettre des nuits reposantes. <\/p>\n<p>Vous disposerez \u00e9galement d\u00b41 salle de bain avec baignoire et 2 salles d\u2019eaux avec douche \u00e0 l\u2019italienne, ainsi que 2 WC pour votre plus grand confort.<\/p>\n<p>Dans son JARDIN PRIVATIF, vous vous relaxerez en toute p\u00e9riode de l\u2019ann\u00e9e dans le JACUZZI \u00e0 36 degr\u00e9s pendant que vos enfants s\u2019amuseront \u00e0 sauter sur le TRAMPOLINE, \u00e0 jouer \u00e0 la BALAN\u00c7OIRE\u2026 <\/p>\n<p>Nous avons aussi en int\u00e9rieur des jeux pour vous amuser : un BILLARD, un BABY-FOOT et un AIR HOCKEY.<\/p>\n<p>Nous avons mis r\u00e9cemment \u00e0 votre disposition un SAUNA et un terrain de PETANQUE<\/div>\n\n\n\n<ul class=\"list1\">\n<strong><li> &gt;   5 chambres : 2 lits King-size, 1 lit double, 4 lits simples transformables en 2 lit King-size<\/li>\n<li>&gt;   Barbecue \u00e0 gaz, jacuzzi, billard, air-hockey, chemin\u00e9e &amp; wifi haut d\u00e9bit gratuit <\/li>\n<li>&gt;   2 places de parking<\/li><\/strong>\n<\/ul>\n\n\n<div class=\"custombtn\" style=\"text-align:center\">\t\r\n\t   <a class=\"morebutton\" href=\"https:\/\/beds24.com\/booking.php?propid=169367&amp;roomid=371720\" target=\"\">R\u00e9server<\/a>\t   \t   \r\n\t<\/div>\n","protected":false},"excerpt":{"rendered":"<p>La Cosy &gt; 5 chambres : 2 lits King-size, 1 lit double, 4 lits simples transformables en 2 lit King-size &gt; Barbecue \u00e0 gaz, jacuzzi, billard, air-hockey, chemin\u00e9e &amp; wifi haut d\u00e9bit gratuit &gt; 2 places de parking<\/p>\n","protected":false},"author":1,"featured_media":0,"parent":0,"menu_order":0,"comment_status":"closed","ping_status":"closed","template":"template-full-width.php","meta":{"om_disable_all_campaigns":false,"_mi_skip_tracking":false,"_monsterinsights_sitenote_active":false,"_monsterinsights_sitenote_note":"","_monsterinsights_sitenote_category":0,"footnotes":""},"class_list":["post-349","page","type-page","status-publish","hentry"],"aioseo_notices":[],"_links":{"self":[{"href":"https:\/\/villalalameda.com\/fr\/wp-json\/wp\/v2\/pages\/349","targetHints":{"allow":["GET"]}}],"collection":[{"href":"https:\/\/villalalameda.com\/fr\/wp-json\/wp\/v2\/pages"}],"about":[{"href":"https:\/\/villalalameda.com\/fr\/wp-json\/wp\/v2\/types\/page"}],"author":[{"embeddable":true,"href":"https:\/\/villalalameda.com\/fr\/wp-json\/wp\/v2\/users\/1"}],"replies":[{"embeddable":true,"href":"https:\/\/villalalameda.com\/fr\/wp-json\/wp\/v2\/comments?post=349"}],"version-history":[{"count":10,"href":"https:\/\/villalalameda.com\/fr\/wp-json\/wp\/v2\/pages\/349\/revisions"}],"predecessor-version":[{"id":479,"href":"https:\/\/villalalameda.com\/fr\/wp-json\/wp\/v2\/pages\/349\/revisions\/479"}],"wp:attachment":[{"href":"https:\/\/villalalameda.com\/fr\/wp-json\/wp\/v2\/media?parent=349"}],"curies":[{"name":"wp","href":"https:\/\/api.w.org\/{rel}","templated":true}]}}