{"id":70,"date":"2022-03-28T20:28:04","date_gmt":"2022-03-28T20:28:04","guid":{"rendered":"https:\/\/villalalameda.com\/?page_id=70"},"modified":"2024-12-17T15:39:25","modified_gmt":"2024-12-17T15:39:25","slug":"lalameda-gite-detente-jacuzzi-privatif","status":"publish","type":"page","link":"https:\/\/villalalameda.com\/fr\/lalameda-gite-detente-jacuzzi-privatif\/","title":{"rendered":"Villa L&rsquo;Alameda 5*: G\u00eetes d\u00e9tente &#038; Jacuzzi privatif"},"content":{"rendered":"\n<p>Bienvenue chez VILLA L\u2019ALAMEDA 5* ! Envie de visiter PARIS et en m\u00eame temps d\u2019\u00eatre au CALME pour vous relaxer et profiter de vos proches et de vos coll\u00e8gues.<\/p>\n\n\n\n<div class=\"wp-block-group is-vertical is-layout-flex wp-container-core-group-is-layout-8cf370e7 wp-block-group-is-layout-flex\">\n<p>A&nbsp;7&nbsp;minutes \u00e0 pied de la&nbsp;GARE&nbsp;RER MASSY-VERRI\u00c8RES en lien direct avec PARIS centre et A\u00c9ROPORTS.&nbsp;DISNEYLAND Paris en 55&Prime; et la TOUR EIFFEL en 35&Prime;.     <\/p>\n<\/div>\n\n\n\n<div class=\"wp-block-group is-vertical is-layout-flex wp-container-core-group-is-layout-8cf370e7 wp-block-group-is-layout-flex\">\n<p>Nos villas contemporaines au&nbsp;DESIGN&nbsp;\u00e9pur\u00e9&nbsp;avec cuisine \u00e9quip\u00e9e, JACUZZI, trampoline, Balan\u00e7oire, BILLARD sont id\u00e9ales pour vos s\u00e9jours en FAMILLE et vos s\u00e9jours d&rsquo;\u00e9quipe\/ TEAM BUILDING.<\/p>\n<\/div>\n\n\n\n<p>Notre cadre verdoyant: FOR\u00caT,&nbsp;parcs,&nbsp;GOLF de Verri\u00e8res vous permettra de retrouver un bol d&rsquo;oxyg\u00e8ne aux portes de Paris et de Versailles.<\/p>\n\n\n\n<p>Nos villas sont adapt\u00e9es aux ENFANTS.<\/p>\n\n\n\n<div style=\"height:35px\" aria-hidden=\"true\" class=\"wp-block-spacer\"><\/div>\n\n\n<p><div class=\"one_half\"><br \/>\n\r\n\t\t<div class=\"bestrooms-\">\r\n\t\t\t\t<div class=\"bestrooms-thumb\">\r\n\t\t\t\t\t<a href=\"https:\/\/beds24.com\/booking.php?propid=169367&amp;roomid=370607\"><img decoding=\"async\" src=\"http:\/\/villalalameda.com\/wp-content\/uploads\/2022\/09\/Salon-1400-1.png\" \/><\/a>\r\n\t\t\t\t\t\r\n\t\t\t\t\t\t\t\t\t\t\r\n\t\t\t\t<\/div>\r\n\t\t\t\t<div class=\"roomcontent\">\r\n\t\t\t\t\t<h3>La Moderna<\/h3>\r\n\t\t\t\t\t<div class=\"guest-ft\">\r\n\t\t\t\t\t<span><img decoding=\"async\" src=\"https:\/\/villalalameda.com\/wp-content\/themes\/hotel-center-pro\/images\/guest.png\" \/>8 personnes<\/span>\r\n\t\t\t\t\t<span><img decoding=\"async\" src=\"https:\/\/villalalameda.com\/wp-content\/themes\/hotel-center-pro\/images\/ft.png\" \/>200 M2<\/span>\t\t\t\t\t\r\n\t\t\t\t\t<\/div>\r\n\t\t\t\t\t<p>SPA + BILLARD + BABY FOOT<\/p>\t\t\t\t\t\r\n\t\t\t\t\t<a href=\"https:\/\/beds24.com\/booking.php?propid=169367&amp;roomid=370607\" class=\"bestrooms-read\">R\u00e9server<\/a>\r\n\t\t\t\t<\/div>\r\n\t\t<\/div> \t\r\n\t\t\t<br \/>\n<\/div><br \/>\n<div class=\"one_half last_column\"><br \/>\n\r\n\t\t<div class=\"bestrooms-\">\r\n\t\t\t\t<div class=\"bestrooms-thumb\">\r\n\t\t\t\t\t<a href=\"https:\/\/beds24.com\/booking.php?propid=169367&amp;roomid=371720\"><img decoding=\"async\" src=\"http:\/\/villalalameda.com\/wp-content\/uploads\/2022\/09\/Salon-1400.png\" \/><\/a>\r\n\t\t\t\t\t\r\n\t\t\t\t\t\t\t\t\t\t\r\n\t\t\t\t<\/div>\r\n\t\t\t\t<div class=\"roomcontent\">\r\n\t\t\t\t\t<h3>La Cosy<\/h3>\r\n\t\t\t\t\t<div class=\"guest-ft\">\r\n\t\t\t\t\t<span><img decoding=\"async\" src=\"https:\/\/villalalameda.com\/wp-content\/themes\/hotel-center-pro\/images\/guest.png\" \/>7 personnes<\/span>\r\n\t\t\t\t\t<span><img decoding=\"async\" src=\"https:\/\/villalalameda.com\/wp-content\/themes\/hotel-center-pro\/images\/ft.png\" \/>200 M2<\/span>\t\t\t\t\t\r\n\t\t\t\t\t<\/div>\r\n\t\t\t\t\t<p>SPA + BILLARD + AIR HOCKEY + CHEMINEE + SAUNA + TERRAIN DE PETANQUE<\/p>\t\t\t\t\t\r\n\t\t\t\t\t<a href=\"https:\/\/beds24.com\/booking.php?propid=169367&amp;roomid=371720\" class=\"bestrooms-read\">R\u00e9server<\/a>\r\n\t\t\t\t<\/div>\r\n\t\t<\/div> \t\r\n\t\t\t<br \/>\n<\/div><\/p>\n","protected":false},"excerpt":{"rendered":"<p>Bienvenue chez VILLA L\u2019ALAMEDA 5* ! Envie de visiter PARIS et en m\u00eame temps d\u2019\u00eatre au CALME pour vous relaxer et profiter de vos proches et de vos coll\u00e8gues. A&nbsp;7&nbsp;minutes \u00e0 pied de la&nbsp;GARE&nbsp;RER MASSY-VERRI\u00c8RES en lien direct avec PARIS centre et A\u00c9ROPORTS.&nbsp;DISNEYLAND Paris en 55&Prime; et la TOUR EIFFEL en 35&Prime;. Nos villas contemporaines au&nbsp;DESIGN&nbsp;\u00e9pur\u00e9&nbsp;avec cuisine \u00e9quip\u00e9e, JACUZZI, trampoline, Balan\u00e7oire, BILLARD sont id\u00e9ales pour vos s\u00e9jours en FAMILLE et vos s\u00e9jours d&rsquo;\u00e9quipe\/ TEAM BUILDING. Notre cadre verdoyant: FOR\u00caT,&nbsp;parcs,&nbsp;GOLF de Verri\u00e8res vous permettra de retrouver un bol d&rsquo;oxyg\u00e8ne aux portes de Paris et de Versailles. Nos villas sont adapt\u00e9es aux&#8230; <\/p>\n","protected":false},"author":1,"featured_media":0,"parent":0,"menu_order":0,"comment_status":"closed","ping_status":"closed","template":"template-full-width.php","meta":{"om_disable_all_campaigns":false,"_mi_skip_tracking":false,"_monsterinsights_sitenote_active":false,"_monsterinsights_sitenote_note":"","_monsterinsights_sitenote_category":0,"footnotes":""},"class_list":["post-70","page","type-page","status-publish","hentry"],"aioseo_notices":[],"_links":{"self":[{"href":"https:\/\/villalalameda.com\/fr\/wp-json\/wp\/v2\/pages\/70","targetHints":{"allow":["GET"]}}],"collection":[{"href":"https:\/\/villalalameda.com\/fr\/wp-json\/wp\/v2\/pages"}],"about":[{"href":"https:\/\/villalalameda.com\/fr\/wp-json\/wp\/v2\/types\/page"}],"author":[{"embeddable":true,"href":"https:\/\/villalalameda.com\/fr\/wp-json\/wp\/v2\/users\/1"}],"replies":[{"embeddable":true,"href":"https:\/\/villalalameda.com\/fr\/wp-json\/wp\/v2\/comments?post=70"}],"version-history":[{"count":43,"href":"https:\/\/villalalameda.com\/fr\/wp-json\/wp\/v2\/pages\/70\/revisions"}],"predecessor-version":[{"id":480,"href":"https:\/\/villalalameda.com\/fr\/wp-json\/wp\/v2\/pages\/70\/revisions\/480"}],"wp:attachment":[{"href":"https:\/\/villalalameda.com\/fr\/wp-json\/wp\/v2\/media?parent=70"}],"curies":[{"name":"wp","href":"https:\/\/api.w.org\/{rel}","templated":true}]}}